{"id":1856,"date":"2023-04-07T15:34:19","date_gmt":"2023-04-07T13:34:19","guid":{"rendered":"https:\/\/jardinerie.eduli.fr\/?post_type=product&#038;p=1856"},"modified":"2023-04-07T15:34:19","modified_gmt":"2023-04-07T13:34:19","slug":"rose","status":"publish","type":"product","link":"https:\/\/jardinerie.eduli.fr\/index.php\/produit\/rose\/","title":{"rendered":"Rose"},"content":{"rendered":"<p>Les roses sont des fleurs embl\u00e9matiques et tr\u00e8s appr\u00e9ci\u00e9es pour leur beaut\u00e9, leur parfum et leur diversit\u00e9 de couleurs et de formes. Elles peuvent \u00eatre cultiv\u00e9es en pleine terre ou en pot, et sont parfaites pour les jardins, les balcons ou pour agr\u00e9menter des bouquets. Les roses n\u00e9cessitent une exposition ensoleill\u00e9e et un sol bien drain\u00e9, ainsi qu&#8217;un arrosage r\u00e9gulier et une taille annuelle pour favoriser leur floraison. Avec leur charme intemporel et leur symbolique romantique, les roses sont une valeur s\u00fbre pour apporter une touche de po\u00e9sie \u00e0 votre environnement.<\/p>\n","protected":false},"excerpt":{"rendered":"<p>Les roses sont des fleurs embl\u00e9matiques tr\u00e8s appr\u00e9ci\u00e9es pour leur beaut\u00e9, leur parfum et leur diversit\u00e9 de couleurs et de formes. Elles n\u00e9cessitent une exposition ensoleill\u00e9e, un sol bien drain\u00e9, un arrosage r\u00e9gulier et une taille annuelle pour favoriser leur floraison.<\/p>\n","protected":false},"featured_media":1857,"comment_status":"open","ping_status":"closed","template":"","meta":{"site-sidebar-layout":"default","site-content-layout":"default","ast-site-content-layout":"","site-content-style":"default","site-sidebar-style":"default","ast-global-header-display":"","ast-banner-title-visibility":"","ast-main-header-display":"","ast-hfb-above-header-display":"","ast-hfb-below-header-display":"","ast-hfb-mobile-header-display":"","site-post-title":"","ast-breadcrumbs-content":"","ast-featured-img":"","footer-sml-layout":"","theme-transparent-header-meta":"default","adv-header-id-meta":"","stick-header-meta":"","header-above-stick-meta":"","header-main-stick-meta":"","header-below-stick-meta":"","astra-migrate-meta-layouts":"default","ast-page-background-enabled":"default","ast-page-background-meta":{"desktop":{"background-color":"var(--ast-global-color-4)","background-image":"","background-repeat":"repeat","background-position":"center center","background-size":"auto","background-attachment":"scroll","background-type":"","background-media":"","overlay-type":"","overlay-color":"","overlay-gradient":""},"tablet":{"background-color":"","background-image":"","background-repeat":"repeat","background-position":"center center","background-size":"auto","background-attachment":"scroll","background-type":"","background-media":"","overlay-type":"","overlay-color":"","overlay-gradient":""},"mobile":{"background-color":"","background-image":"","background-repeat":"repeat","background-position":"center center","background-size":"auto","background-attachment":"scroll","background-type":"","background-media":"","overlay-type":"","overlay-color":"","overlay-gradient":""}},"ast-content-background-meta":{"desktop":{"background-color":"var(--ast-global-color-5)","background-image":"","background-repeat":"repeat","background-position":"center center","background-size":"auto","background-attachment":"scroll","background-type":"","background-media":"","overlay-type":"","overlay-color":"","overlay-gradient":""},"tablet":{"background-color":"var(--ast-global-color-5)","background-image":"","background-repeat":"repeat","background-position":"center center","background-size":"auto","background-attachment":"scroll","background-type":"","background-media":"","overlay-type":"","overlay-color":"","overlay-gradient":""},"mobile":{"background-color":"var(--ast-global-color-5)","background-image":"","background-repeat":"repeat","background-position":"center center","background-size":"auto","background-attachment":"scroll","background-type":"","background-media":"","overlay-type":"","overlay-color":"","overlay-gradient":""}}},"product_cat":[17],"product_tag":[],"_links":{"self":[{"href":"https:\/\/jardinerie.eduli.fr\/index.php\/wp-json\/wp\/v2\/product\/1856"}],"collection":[{"href":"https:\/\/jardinerie.eduli.fr\/index.php\/wp-json\/wp\/v2\/product"}],"about":[{"href":"https:\/\/jardinerie.eduli.fr\/index.php\/wp-json\/wp\/v2\/types\/product"}],"replies":[{"embeddable":true,"href":"https:\/\/jardinerie.eduli.fr\/index.php\/wp-json\/wp\/v2\/comments?post=1856"}],"wp:featuredmedia":[{"embeddable":true,"href":"https:\/\/jardinerie.eduli.fr\/index.php\/wp-json\/wp\/v2\/media\/1857"}],"wp:attachment":[{"href":"https:\/\/jardinerie.eduli.fr\/index.php\/wp-json\/wp\/v2\/media?parent=1856"}],"wp:term":[{"taxonomy":"product_cat","embeddable":true,"href":"https:\/\/jardinerie.eduli.fr\/index.php\/wp-json\/wp\/v2\/product_cat?post=1856"},{"taxonomy":"product_tag","embeddable":true,"href":"https:\/\/jardinerie.eduli.fr\/index.php\/wp-json\/wp\/v2\/product_tag?post=1856"}],"curies":[{"name":"wp","href":"https:\/\/api.w.org\/{rel}","templated":true}]}}