{"id":1858,"date":"2023-04-07T15:36:56","date_gmt":"2023-04-07T13:36:56","guid":{"rendered":"https:\/\/jardinerie.eduli.fr\/?post_type=product&#038;p=1858"},"modified":"2025-04-11T18:35:32","modified_gmt":"2025-04-11T16:35:32","slug":"marguerites","status":"publish","type":"product","link":"https:\/\/jardinerie.eduli.fr\/index.php\/produit\/marguerites\/","title":{"rendered":"Marguerites"},"content":{"rendered":"<p>Les marguerites sont des fleurs charmantes \u00e0 p\u00e9tales blancs et centres jaunes qui sont facilement cultivables en pleine terre ou en pot. Elles symbolisent l&#8217;innocence, la puret\u00e9, l&#8217;amiti\u00e9 et l&#8217;amour vrai.<\/p>\n","protected":false},"excerpt":{"rendered":"<p>Les marguerites sont des fleurs vivaces et charmantes qui \u00e9voquent des images de champs ensoleill\u00e9s et de jardins bucoliques. Elles se distinguent par leurs p\u00e9tales blancs et leurs centres jaunes, bien que certaines vari\u00e9t\u00e9s pr\u00e9sentent des couleurs plus vives ou des fleurs doubles. Les marguerites sont facilement cultivables en pleine terre ou en pot et sont parfaites pour les jardins, les balcons ou pour agr\u00e9menter des bouquets.<\/p>\n<p>Ces fleurs robustes n\u00e9cessitent peu d&#8217;entretien, mais prosp\u00e8rent mieux dans un sol bien drain\u00e9 et une exposition ensoleill\u00e9e. Elles peuvent \u00e9galement tol\u00e9rer une l\u00e9g\u00e8re ombre. Les marguerites ne n\u00e9cessitent pas beaucoup d&#8217;arrosage, mais elles doivent \u00eatre arros\u00e9es r\u00e9guli\u00e8rement pour maintenir le sol humide.<\/p>\n<p>Les marguerites ont une longue histoire dans la culture populaire, \u00e9tant souvent associ\u00e9es \u00e0 l&#8217;innocence et \u00e0 la simplicit\u00e9. Elles ont \u00e9t\u00e9 utilis\u00e9es comme symbole de l&#8217;amour et de l&#8217;affection depuis l&#8217;Antiquit\u00e9 et sont souvent offertes comme un cadeau romantique.<\/p>\n<p>Dans la langue des fleurs, les marguerites symbolisent l&#8217;innocence, la puret\u00e9, l&#8217;amiti\u00e9 et l&#8217;amour vrai. Elles peuvent \u00eatre associ\u00e9es \u00e0 des occasions sp\u00e9ciales telles que les mariages, les bapt\u00eames, les f\u00eates d&#8217;anniversaire ou les anniversaires de mariage.<\/p>\n<p>En somme, les marguerites sont des fleurs charmantes et accessibles qui apportent de la beaut\u00e9 et de la joie \u00e0 n&#8217;importe quel jardin ou bouquet.<\/p>\n","protected":false},"featured_media":1859,"comment_status":"open","ping_status":"closed","template":"","meta":{"site-sidebar-layout":"default","site-content-layout":"default","ast-site-content-layout":"","site-content-style":"default","site-sidebar-style":"default","ast-global-header-display":"","ast-banner-title-visibility":"","ast-main-header-display":"","ast-hfb-above-header-display":"","ast-hfb-below-header-display":"","ast-hfb-mobile-header-display":"","site-post-title":"","ast-breadcrumbs-content":"","ast-featured-img":"","footer-sml-layout":"","theme-transparent-header-meta":"default","adv-header-id-meta":"","stick-header-meta":"","header-above-stick-meta":"","header-main-stick-meta":"","header-below-stick-meta":"","astra-migrate-meta-layouts":"default","ast-page-background-enabled":"default","ast-page-background-meta":{"desktop":{"background-color":"var(--ast-global-color-4)","background-image":"","background-repeat":"repeat","background-position":"center center","background-size":"auto","background-attachment":"scroll","background-type":"","background-media":"","overlay-type":"","overlay-color":"","overlay-gradient":""},"tablet":{"background-color":"","background-image":"","background-repeat":"repeat","background-position":"center center","background-size":"auto","background-attachment":"scroll","background-type":"","background-media":"","overlay-type":"","overlay-color":"","overlay-gradient":""},"mobile":{"background-color":"","background-image":"","background-repeat":"repeat","background-position":"center center","background-size":"auto","background-attachment":"scroll","background-type":"","background-media":"","overlay-type":"","overlay-color":"","overlay-gradient":""}},"ast-content-background-meta":{"desktop":{"background-color":"var(--ast-global-color-5)","background-image":"","background-repeat":"repeat","background-position":"center center","background-size":"auto","background-attachment":"scroll","background-type":"","background-media":"","overlay-type":"","overlay-color":"","overlay-gradient":""},"tablet":{"background-color":"var(--ast-global-color-5)","background-image":"","background-repeat":"repeat","background-position":"center center","background-size":"auto","background-attachment":"scroll","background-type":"","background-media":"","overlay-type":"","overlay-color":"","overlay-gradient":""},"mobile":{"background-color":"var(--ast-global-color-5)","background-image":"","background-repeat":"repeat","background-position":"center center","background-size":"auto","background-attachment":"scroll","background-type":"","background-media":"","overlay-type":"","overlay-color":"","overlay-gradient":""}}},"product_cat":[17],"product_tag":[],"_links":{"self":[{"href":"https:\/\/jardinerie.eduli.fr\/index.php\/wp-json\/wp\/v2\/product\/1858"}],"collection":[{"href":"https:\/\/jardinerie.eduli.fr\/index.php\/wp-json\/wp\/v2\/product"}],"about":[{"href":"https:\/\/jardinerie.eduli.fr\/index.php\/wp-json\/wp\/v2\/types\/product"}],"replies":[{"embeddable":true,"href":"https:\/\/jardinerie.eduli.fr\/index.php\/wp-json\/wp\/v2\/comments?post=1858"}],"wp:featuredmedia":[{"embeddable":true,"href":"https:\/\/jardinerie.eduli.fr\/index.php\/wp-json\/wp\/v2\/media\/1859"}],"wp:attachment":[{"href":"https:\/\/jardinerie.eduli.fr\/index.php\/wp-json\/wp\/v2\/media?parent=1858"}],"wp:term":[{"taxonomy":"product_cat","embeddable":true,"href":"https:\/\/jardinerie.eduli.fr\/index.php\/wp-json\/wp\/v2\/product_cat?post=1858"},{"taxonomy":"product_tag","embeddable":true,"href":"https:\/\/jardinerie.eduli.fr\/index.php\/wp-json\/wp\/v2\/product_tag?post=1858"}],"curies":[{"name":"wp","href":"https:\/\/api.w.org\/{rel}","templated":true}]}}